{"id":1402,"date":"2021-10-14T11:33:52","date_gmt":"2021-10-14T09:33:52","guid":{"rendered":"https:\/\/beta2.nordichair.com\/exempelsida\/"},"modified":"2025-11-17T09:39:04","modified_gmt":"2025-11-17T08:39:04","slug":"exempelsida","status":"publish","type":"page","link":"https:\/\/medical.nordichair.com\/da\/","title":{"rendered":"Hjem"},"content":{"rendered":"","protected":false},"excerpt":{"rendered":"","protected":false},"author":23,"featured_media":0,"parent":0,"menu_order":0,"comment_status":"closed","ping_status":"open","template":"","meta":{"_acf_changed":false,"footnotes":""},"categories":[],"tags":[],"class_list":["post-1402","page","type-page","status-publish","hentry"],"acf":[],"yoast_head":"<!-- This site is optimized with the Yoast SEO plugin v27.3 - https:\/\/yoast.com\/product\/yoast-seo-wordpress\/ -->\n<title>Nordic Hair Clinic \u2014 Nordens f\u00f8rende h\u00e5rklinik<\/title>\n<meta name=\"description\" content=\"\u2713 H\u00e5rklinik i Stockholm, G\u00f8teborg &amp; Malm\u00f8. \u2713 Har udf\u00f8rt flest h\u00e5rtransplantationer i Norden. \u2713 Ledende i Norden inden for PRP til h\u00e5r.\" \/>\n<meta name=\"robots\" content=\"index, follow, max-snippet:-1, max-image-preview:large, max-video-preview:-1\" \/>\n<link rel=\"canonical\" href=\"https:\/\/medical.nordichair.com\/da\/\" \/>\n<meta property=\"og:locale\" content=\"da_DK\" \/>\n<meta property=\"og:type\" content=\"article\" \/>\n<meta property=\"og:title\" content=\"Nordic Hair Clinic \u2014 Nordens f\u00f8rende h\u00e5rklinik\" \/>\n<meta property=\"og:description\" content=\"\u2713 H\u00e5rklinik i Stockholm, G\u00f8teborg &amp; Malm\u00f8. \u2713 Har udf\u00f8rt flest h\u00e5rtransplantationer i Norden. \u2713 Ledende i Norden inden for PRP til h\u00e5r.\" \/>\n<meta property=\"og:url\" content=\"https:\/\/medical.nordichair.com\/da\/\" \/>\n<meta property=\"og:site_name\" content=\"Nordic Hair\" \/>\n<meta property=\"article:modified_time\" content=\"2025-11-17T08:39:04+00:00\" \/>\n<meta name=\"twitter:card\" content=\"summary_large_image\" \/>\n<script type=\"application\/ld+json\" class=\"yoast-schema-graph\">{\"@context\":\"https:\\\/\\\/schema.org\",\"@graph\":[{\"@type\":\"WebPage\",\"@id\":\"https:\\\/\\\/medical.nordichair.com\\\/da\\\/\",\"url\":\"https:\\\/\\\/medical.nordichair.com\\\/da\\\/\",\"name\":\"Nordic Hair Clinic \u2014 Nordens f\u00f8rende h\u00e5rklinik\",\"isPartOf\":{\"@id\":\"https:\\\/\\\/medical.nordichair.com\\\/da\\\/#website\"},\"datePublished\":\"2021-10-14T09:33:52+00:00\",\"dateModified\":\"2025-11-17T08:39:04+00:00\",\"description\":\"\u2713 H\u00e5rklinik i Stockholm, G\u00f8teborg & Malm\u00f8. \u2713 Har udf\u00f8rt flest h\u00e5rtransplantationer i Norden. \u2713 Ledende i Norden inden for PRP til h\u00e5r.\",\"breadcrumb\":{\"@id\":\"https:\\\/\\\/medical.nordichair.com\\\/da\\\/#breadcrumb\"},\"inLanguage\":\"da-DK\",\"potentialAction\":[{\"@type\":\"ReadAction\",\"target\":[\"https:\\\/\\\/medical.nordichair.com\\\/da\\\/\"]}]},{\"@type\":\"BreadcrumbList\",\"@id\":\"https:\\\/\\\/medical.nordichair.com\\\/da\\\/#breadcrumb\",\"itemListElement\":[{\"@type\":\"ListItem\",\"position\":1,\"name\":\"Hem\",\"item\":\"https:\\\/\\\/medical.nordichair.com\\\/da\\\/\"},{\"@type\":\"ListItem\",\"position\":2,\"name\":\"Hjem\"}]},{\"@type\":\"WebSite\",\"@id\":\"https:\\\/\\\/medical.nordichair.com\\\/da\\\/#website\",\"url\":\"https:\\\/\\\/medical.nordichair.com\\\/da\\\/\",\"name\":\"Nordic Hair\",\"description\":\"\u00c4nnu en WordPress-webbplats\",\"publisher\":{\"@id\":\"https:\\\/\\\/medical.nordichair.com\\\/da\\\/#organization\"},\"potentialAction\":[{\"@type\":\"SearchAction\",\"target\":{\"@type\":\"EntryPoint\",\"urlTemplate\":\"https:\\\/\\\/medical.nordichair.com\\\/da\\\/?s={search_term_string}\"},\"query-input\":{\"@type\":\"PropertyValueSpecification\",\"valueRequired\":true,\"valueName\":\"search_term_string\"}}],\"inLanguage\":\"da-DK\"},{\"@type\":[\"Organization\",\"Place\"],\"@id\":\"https:\\\/\\\/medical.nordichair.com\\\/da\\\/#organization\",\"name\":\"Nordic Hair Clinic\",\"url\":\"https:\\\/\\\/medical.nordichair.com\\\/da\\\/\",\"logo\":{\"@id\":\"https:\\\/\\\/medical.nordichair.com\\\/da\\\/#local-main-organization-logo\"},\"image\":{\"@id\":\"https:\\\/\\\/medical.nordichair.com\\\/da\\\/#local-main-organization-logo\"},\"address\":{\"@id\":\"https:\\\/\\\/medical.nordichair.com\\\/da\\\/#local-main-place-address\"},\"geo\":{\"@type\":\"GeoCoordinates\",\"latitude\":\"59.331244186708446\",\"longitude\":\"18.048194141092136\"},\"telephone\":[\"08200018\"],\"openingHoursSpecification\":[{\"@type\":\"OpeningHoursSpecification\",\"dayOfWeek\":[\"Monday\",\"Tuesday\",\"Wednesday\",\"Thursday\",\"Friday\",\"Saturday\"],\"opens\":\"08:00\",\"closes\":\"17:00\"},{\"@type\":\"OpeningHoursSpecification\",\"dayOfWeek\":[\"Sunday\"],\"opens\":\"00:00\",\"closes\":\"00:00\"}],\"email\":\"info@nordichair.com\"},{\"@type\":\"PostalAddress\",\"@id\":\"https:\\\/\\\/medical.nordichair.com\\\/da\\\/#local-main-place-address\",\"streetAddress\":\"Kungsholmsgatan 10\",\"addressLocality\":\"Stockholm\",\"postalCode\":\"112 27\",\"addressCountry\":\"SE\"},{\"@type\":\"ImageObject\",\"inLanguage\":\"da-DK\",\"@id\":\"https:\\\/\\\/medical.nordichair.com\\\/da\\\/#local-main-organization-logo\",\"url\":\"https:\\\/\\\/medical.nordichair.com\\\/wp-content\\\/uploads\\\/2021\\\/12\\\/Logo.jpeg\",\"contentUrl\":\"https:\\\/\\\/medical.nordichair.com\\\/wp-content\\\/uploads\\\/2021\\\/12\\\/Logo.jpeg\",\"width\":1000,\"height\":720,\"caption\":\"Nordic Hair Clinic\"}]}<\/script>\n<meta name=\"geo.placename\" content=\"Stockholm\" \/>\n<meta name=\"geo.position\" content=\"59.331244186708446;18.048194141092136\" \/>\n<meta name=\"geo.region\" content=\"Sverige\" \/>\n<!-- \/ Yoast SEO plugin. -->","yoast_head_json":{"title":"Nordic Hair Clinic \u2014 Nordens f\u00f8rende h\u00e5rklinik","description":"\u2713 H\u00e5rklinik i Stockholm, G\u00f8teborg & Malm\u00f8. \u2713 Har udf\u00f8rt flest h\u00e5rtransplantationer i Norden. \u2713 Ledende i Norden inden for PRP til h\u00e5r.","robots":{"index":"index","follow":"follow","max-snippet":"max-snippet:-1","max-image-preview":"max-image-preview:large","max-video-preview":"max-video-preview:-1"},"canonical":"https:\/\/medical.nordichair.com\/da\/","og_locale":"da_DK","og_type":"article","og_title":"Nordic Hair Clinic \u2014 Nordens f\u00f8rende h\u00e5rklinik","og_description":"\u2713 H\u00e5rklinik i Stockholm, G\u00f8teborg & Malm\u00f8. \u2713 Har udf\u00f8rt flest h\u00e5rtransplantationer i Norden. \u2713 Ledende i Norden inden for PRP til h\u00e5r.","og_url":"https:\/\/medical.nordichair.com\/da\/","og_site_name":"Nordic Hair","article_modified_time":"2025-11-17T08:39:04+00:00","twitter_card":"summary_large_image","schema":{"@context":"https:\/\/schema.org","@graph":[{"@type":"WebPage","@id":"https:\/\/medical.nordichair.com\/da\/","url":"https:\/\/medical.nordichair.com\/da\/","name":"Nordic Hair Clinic \u2014 Nordens f\u00f8rende h\u00e5rklinik","isPartOf":{"@id":"https:\/\/medical.nordichair.com\/da\/#website"},"datePublished":"2021-10-14T09:33:52+00:00","dateModified":"2025-11-17T08:39:04+00:00","description":"\u2713 H\u00e5rklinik i Stockholm, G\u00f8teborg & Malm\u00f8. \u2713 Har udf\u00f8rt flest h\u00e5rtransplantationer i Norden. \u2713 Ledende i Norden inden for PRP til h\u00e5r.","breadcrumb":{"@id":"https:\/\/medical.nordichair.com\/da\/#breadcrumb"},"inLanguage":"da-DK","potentialAction":[{"@type":"ReadAction","target":["https:\/\/medical.nordichair.com\/da\/"]}]},{"@type":"BreadcrumbList","@id":"https:\/\/medical.nordichair.com\/da\/#breadcrumb","itemListElement":[{"@type":"ListItem","position":1,"name":"Hem","item":"https:\/\/medical.nordichair.com\/da\/"},{"@type":"ListItem","position":2,"name":"Hjem"}]},{"@type":"WebSite","@id":"https:\/\/medical.nordichair.com\/da\/#website","url":"https:\/\/medical.nordichair.com\/da\/","name":"Nordic Hair","description":"\u00c4nnu en WordPress-webbplats","publisher":{"@id":"https:\/\/medical.nordichair.com\/da\/#organization"},"potentialAction":[{"@type":"SearchAction","target":{"@type":"EntryPoint","urlTemplate":"https:\/\/medical.nordichair.com\/da\/?s={search_term_string}"},"query-input":{"@type":"PropertyValueSpecification","valueRequired":true,"valueName":"search_term_string"}}],"inLanguage":"da-DK"},{"@type":["Organization","Place"],"@id":"https:\/\/medical.nordichair.com\/da\/#organization","name":"Nordic Hair Clinic","url":"https:\/\/medical.nordichair.com\/da\/","logo":{"@id":"https:\/\/medical.nordichair.com\/da\/#local-main-organization-logo"},"image":{"@id":"https:\/\/medical.nordichair.com\/da\/#local-main-organization-logo"},"address":{"@id":"https:\/\/medical.nordichair.com\/da\/#local-main-place-address"},"geo":{"@type":"GeoCoordinates","latitude":"59.331244186708446","longitude":"18.048194141092136"},"telephone":["08200018"],"openingHoursSpecification":[{"@type":"OpeningHoursSpecification","dayOfWeek":["Monday","Tuesday","Wednesday","Thursday","Friday","Saturday"],"opens":"08:00","closes":"17:00"},{"@type":"OpeningHoursSpecification","dayOfWeek":["Sunday"],"opens":"00:00","closes":"00:00"}],"email":"info@nordichair.com"},{"@type":"PostalAddress","@id":"https:\/\/medical.nordichair.com\/da\/#local-main-place-address","streetAddress":"Kungsholmsgatan 10","addressLocality":"Stockholm","postalCode":"112 27","addressCountry":"SE"},{"@type":"ImageObject","inLanguage":"da-DK","@id":"https:\/\/medical.nordichair.com\/da\/#local-main-organization-logo","url":"https:\/\/medical.nordichair.com\/wp-content\/uploads\/2021\/12\/Logo.jpeg","contentUrl":"https:\/\/medical.nordichair.com\/wp-content\/uploads\/2021\/12\/Logo.jpeg","width":1000,"height":720,"caption":"Nordic Hair Clinic"}]},"geo.placename":"Stockholm","geo.position":{"lat":"59.331244186708446","long":"18.048194141092136"},"geo.region":"Sverige"},"_links":{"self":[{"href":"https:\/\/medical.nordichair.com\/da\/wp-json\/wp\/v2\/pages\/1402","targetHints":{"allow":["GET"]}}],"collection":[{"href":"https:\/\/medical.nordichair.com\/da\/wp-json\/wp\/v2\/pages"}],"about":[{"href":"https:\/\/medical.nordichair.com\/da\/wp-json\/wp\/v2\/types\/page"}],"author":[{"embeddable":true,"href":"https:\/\/medical.nordichair.com\/da\/wp-json\/wp\/v2\/users\/23"}],"replies":[{"embeddable":true,"href":"https:\/\/medical.nordichair.com\/da\/wp-json\/wp\/v2\/comments?post=1402"}],"version-history":[{"count":20,"href":"https:\/\/medical.nordichair.com\/da\/wp-json\/wp\/v2\/pages\/1402\/revisions"}],"predecessor-version":[{"id":27931,"href":"https:\/\/medical.nordichair.com\/da\/wp-json\/wp\/v2\/pages\/1402\/revisions\/27931"}],"wp:attachment":[{"href":"https:\/\/medical.nordichair.com\/da\/wp-json\/wp\/v2\/media?parent=1402"}],"wp:term":[{"taxonomy":"category","embeddable":true,"href":"https:\/\/medical.nordichair.com\/da\/wp-json\/wp\/v2\/categories?post=1402"},{"taxonomy":"post_tag","embeddable":true,"href":"https:\/\/medical.nordichair.com\/da\/wp-json\/wp\/v2\/tags?post=1402"}],"curies":[{"name":"wp","href":"https:\/\/api.w.org\/{rel}","templated":true}]}}